{"id":2225,"date":"2021-02-04T17:27:58","date_gmt":"2021-02-04T16:27:58","guid":{"rendered":"http:\/\/www.apid.to.it\/wp\/?page_id=2225"},"modified":"2021-11-27T12:29:38","modified_gmt":"2021-11-27T11:29:38","slug":"sardo","status":"publish","type":"page","link":"http:\/\/www.apid.to.it\/index.php\/sardo\/","title":{"rendered":"DA_1BrigitteSardo"},"content":{"rendered":"<div class=\"fusion-fullwidth fullwidth-box fusion-builder-row-1 fusion-flex-container nonhundred-percent-fullwidth non-hundred-percent-height-scrolling\" style=\"background-color: rgba(255,255,255,0);background-position: center center;background-repeat: no-repeat;border-width: 0px 0px 0px 0px;border-color:#eae9e9;border-style:solid;\" ><div class=\"fusion-builder-row fusion-row fusion-flex-align-items-flex-start\" style=\"max-width:1331.2px;margin-left: calc(-4% \/ 2 );margin-right: calc(-4% \/ 2 );\"><div class=\"fusion-layout-column fusion_builder_column fusion-builder-column-0 fusion_builder_column_1_6 1_6 fusion-flex-column\"><div class=\"fusion-column-wrapper fusion-flex-justify-content-flex-start fusion-content-layout-column\" style=\"background-position:left top;background-repeat:no-repeat;-webkit-background-size:cover;-moz-background-size:cover;-o-background-size:cover;background-size:cover;padding: 0px 0px 0px 0px;\"><\/div><style type=\"text\/css\">.fusion-body .fusion-builder-column-0{width:16.666666666667% !important;margin-top : 20px;margin-bottom : 20px;}.fusion-builder-column-0 > .fusion-column-wrapper {padding-top : 0px !important;padding-right : 0px !important;margin-right : 11.52%;padding-bottom : 0px !important;padding-left : 0px !important;margin-left : 11.52%;}@media only screen and (max-width:1024px) {.fusion-body .fusion-builder-column-0{width:100% !important;order : 0;}.fusion-builder-column-0 > .fusion-column-wrapper {margin-right : 1.92%;margin-left : 1.92%;}}@media only screen and (max-width:640px) {.fusion-body .fusion-builder-column-0{width:100% !important;order : 0;}.fusion-builder-column-0 > .fusion-column-wrapper {margin-right : 1.92%;margin-left : 1.92%;}}<\/style><\/div><div class=\"fusion-layout-column fusion_builder_column fusion-builder-column-1 fusion_builder_column_2_3 2_3 fusion-flex-column\"><div class=\"fusion-column-wrapper fusion-flex-justify-content-flex-start fusion-content-layout-column\" style=\"background-position:left top;background-repeat:no-repeat;-webkit-background-size:cover;-moz-background-size:cover;-o-background-size:cover;background-size:cover;padding: 0px 0px 0px 0px;\"><div ><style>.imageframe-liftup.imageframe-1:before{border-radius:8px;}<\/style><div class=\"awb-image-frame awb-image-frame-1 imageframe-liftup imageframe-1\"><span class=\" fusion-imageframe imageframe-none imageframe-1\" style=\"border-radius:8px;\"><img width=\"2300\" height=\"1299\" title=\"DonneDiAPI_15\" src=\"http:\/\/www.apid.to.it\/wp\/wp-content\/uploads\/2021\/02\/DonneDiAPI_15-e1612460102351.png\" alt class=\"img-responsive wp-image-2202\" srcset=\"http:\/\/www.apid.to.it\/wp\/wp-content\/uploads\/2021\/02\/DonneDiAPI_15-e1612460102351-200x113.png 200w, http:\/\/www.apid.to.it\/wp\/wp-content\/uploads\/2021\/02\/DonneDiAPI_15-e1612460102351-400x226.png 400w, http:\/\/www.apid.to.it\/wp\/wp-content\/uploads\/2021\/02\/DonneDiAPI_15-e1612460102351-600x339.png 600w, http:\/\/www.apid.to.it\/wp\/wp-content\/uploads\/2021\/02\/DonneDiAPI_15-e1612460102351-800x452.png 800w, http:\/\/www.apid.to.it\/wp\/wp-content\/uploads\/2021\/02\/DonneDiAPI_15-e1612460102351-1200x678.png 1200w, http:\/\/www.apid.to.it\/wp\/wp-content\/uploads\/2021\/02\/DonneDiAPI_15-e1612460102351.png 2300w\" sizes=\"(max-width: 1024px) 100vw, (max-width: 640px) 100vw, 1200px\" \/><\/span><\/div><\/div><div class=\"fusion-separator fusion-full-width-sep\" style=\"align-self: center;margin-left: auto;margin-right: auto;width:100%;\"><\/div><style type=\"text\/css\">@media only screen and (max-width:1024px) {.fusion-title.fusion-title-1{margin-top:30px!important; margin-right:0px!important;margin-bottom:20px!important;margin-left:0px!important;}}@media only screen and (max-width:640px) {.fusion-title.fusion-title-1{margin-top:20px!important; margin-right:0px!important;margin-bottom:10px!important; margin-left:0px!important;}}<\/style><div class=\"fusion-title title fusion-title-1 fusion-sep-none fusion-title-center fusion-title-text fusion-title-size-two\" style=\"margin-top:30px;margin-right:0px;margin-bottom:20px;margin-left:0px;\"><h2 class=\"title-heading-center fusion-responsive-typography-calculated\" style=\"margin:0;--fontSize:30;line-height:1.18;\">BRIGITTE SARDO \u2013 SARGOMMA | Direttore Generale<\/h2><\/div><div class=\"fusion-text fusion-text-1\" style=\"text-align:center;font-size:15px;color:#000000;font-family:&quot;Brandon medium&quot;;font-weight:400;\"><p>\u201cSe puoi farlo bene, cerca di farlo meglio\u201d<\/p>\n<p>Sono entrata in azienda quando ero ancora ragazza, spinta dalla voglia di indipendenza oltre che dal fascino del lavoro. Sargomma \u00e8 stata fondata da mio padre nel 1981. Ho iniziato dopo il diploma, dalla gavetta. Il mio primo posto \u00e8 stato l\u2019ufficio amministrativo; poi sono passata alla logistica, agli acquisti e alle vendite.<\/p>\n<p>Alla fine degli anni \u201990 sono diventata Direttore Generale. Il passaggio generazionale \u00e8 avvenuto con naturalezza. Certo, le difficolt\u00e0 ci sono state, ma \u00e8 stato un bene: siamo cresciuti tutti. Ancora oggi mio pap\u00e0 \u00e8 parte dell&#8217;azienda e contribuisce alle scelte strategiche.<\/p>\n<p>Sargomma da azienda poco strutturata \u00e8 passata a essere una realt\u00e0 rivolta verso i mercati internazionali. Mi reputo soddisfatta di ci\u00f2 che \u00e8 stato costruito e di tutto quello che abbiamo conquistato lavorando. Dico \u201cabbiamo\u201d perch\u00e9 da sola non sarei riuscita a fare nulla: conta il gruppo, fatto di esperienza e capacit\u00e0 di scoperta.<br \/>\nIl settore in cui Sargomma opera \u00e8 a prevalenza maschile ma non l&#8217;ho mai percepito come un problema: mi sono focalizzata sulla crescita professionale, lavorando duro e con alle spalle un\u2019azienda solida e con dei contenuti.<br \/>\nMi considero anche molto fortunata: sono partita con un vantaggio di base, ma se non ci metti sudore e fatica, sostanza e coraggio non vai avanti. Bruci tutto e non ti rimane nulla.<\/p>\n<\/div><div style=\"text-align:right;\"><style>.fusion-body .fusion-button.button-1{border-color:#ffffff;border-radius:2px 2px 2px 2px;background:#924538;}.fusion-body .fusion-button.button-1 .fusion-button-text,.fusion-body .fusion-button.button-1 i,.fusion-body .fusion-button.button-1:hover .fusion-button-text,.fusion-body .fusion-button.button-1:hover i,.fusion-body .fusion-button.button-1:focus .fusion-button-text,.fusion-body .fusion-button.button-1:focus i,.fusion-body .fusion-button.button-1:active .fusion-button-text,.fusion-body .fusion-button.button-1:active i{color:#ffffff;}.fusion-body .fusion-button.button-1:hover,.fusion-body .fusion-button.button-1:active,.fusion-body .fusion-button.button-1:focus{border-color:#ffffff;background:#924538;}<\/style><a class=\"fusion-button button-flat fusion-button-default-size button-custom button-1 fusion-button-default-span fusion-button-default-type\" target=\"_self\" href=\"http:\/\/www.apid.to.it\/index.php\/governance\/\" style=\"margin-top:4%;\"><i class=\"fa-chevron-left fas button-icon-left\" aria-hidden=\"true\"><\/i><span class=\"fusion-button-text\">Torna indietro<\/span><\/a><\/div><\/div><style type=\"text\/css\">.fusion-body .fusion-builder-column-1{width:66.666666666667% !important;margin-top : 20px;margin-bottom : 20px;}.fusion-builder-column-1 > .fusion-column-wrapper {padding-top : 0px !important;padding-right : 0px !important;margin-right : 2.88%;padding-bottom : 0px !important;padding-left : 0px !important;margin-left : 2.88%;}@media only screen and (max-width:1024px) {.fusion-body .fusion-builder-column-1{width:100% !important;order : 0;}.fusion-builder-column-1 > .fusion-column-wrapper {margin-right : 1.92%;margin-left : 1.92%;}}@media only screen and (max-width:640px) {.fusion-body .fusion-builder-column-1{width:100% !important;order : 0;}.fusion-builder-column-1 > .fusion-column-wrapper {margin-right : 1.92%;margin-left : 1.92%;}}<\/style><\/div><div class=\"fusion-layout-column fusion_builder_column fusion-builder-column-2 fusion_builder_column_1_6 1_6 fusion-flex-column\"><div class=\"fusion-column-wrapper fusion-flex-justify-content-flex-start fusion-content-layout-column\" style=\"background-position:left top;background-repeat:no-repeat;-webkit-background-size:cover;-moz-background-size:cover;-o-background-size:cover;background-size:cover;padding: 0px 0px 0px 0px;\"><\/div><style type=\"text\/css\">.fusion-body .fusion-builder-column-2{width:16.666666666667% !important;margin-top : 20px;margin-bottom : 20px;}.fusion-builder-column-2 > .fusion-column-wrapper {padding-top : 0px !important;padding-right : 0px !important;margin-right : 11.52%;padding-bottom : 0px !important;padding-left : 0px !important;margin-left : 11.52%;}@media only screen and (max-width:1024px) {.fusion-body .fusion-builder-column-2{width:100% !important;order : 0;}.fusion-builder-column-2 > .fusion-column-wrapper {margin-right : 1.92%;margin-left : 1.92%;}}@media only screen and (max-width:640px) {.fusion-body .fusion-builder-column-2{width:100% !important;order : 0;}.fusion-builder-column-2 > .fusion-column-wrapper {margin-right : 1.92%;margin-left : 1.92%;}}<\/style><\/div><\/div><style type=\"text\/css\">.fusion-body .fusion-flex-container.fusion-builder-row-1{ padding-top : 0px;margin-top : 0px;padding-right : 0px;padding-bottom : 0px;margin-bottom : 0px;padding-left : 0px;}<\/style><\/div>\n","protected":false},"excerpt":{"rendered":"","protected":false},"author":1,"featured_media":0,"parent":0,"menu_order":0,"comment_status":"closed","ping_status":"closed","template":"","meta":[],"_links":{"self":[{"href":"http:\/\/www.apid.to.it\/index.php\/wp-json\/wp\/v2\/pages\/2225"}],"collection":[{"href":"http:\/\/www.apid.to.it\/index.php\/wp-json\/wp\/v2\/pages"}],"about":[{"href":"http:\/\/www.apid.to.it\/index.php\/wp-json\/wp\/v2\/types\/page"}],"author":[{"embeddable":true,"href":"http:\/\/www.apid.to.it\/index.php\/wp-json\/wp\/v2\/users\/1"}],"replies":[{"embeddable":true,"href":"http:\/\/www.apid.to.it\/index.php\/wp-json\/wp\/v2\/comments?post=2225"}],"version-history":[{"count":16,"href":"http:\/\/www.apid.to.it\/index.php\/wp-json\/wp\/v2\/pages\/2225\/revisions"}],"predecessor-version":[{"id":3951,"href":"http:\/\/www.apid.to.it\/index.php\/wp-json\/wp\/v2\/pages\/2225\/revisions\/3951"}],"wp:attachment":[{"href":"http:\/\/www.apid.to.it\/index.php\/wp-json\/wp\/v2\/media?parent=2225"}],"curies":[{"name":"wp","href":"https:\/\/api.w.org\/{rel}","templated":true}]}}