{"id":2280,"date":"2021-02-04T20:38:36","date_gmt":"2021-02-04T19:38:36","guid":{"rendered":"http:\/\/www.apid.to.it\/wp\/?page_id=2280"},"modified":"2021-11-27T12:35:27","modified_gmt":"2021-11-27T11:35:27","slug":"da_8","status":"publish","type":"page","link":"http:\/\/www.apid.to.it\/index.php\/da_8\/","title":{"rendered":"DA_8GhiggiaMariaLuigia"},"content":{"rendered":"<div class=\"fusion-fullwidth fullwidth-box fusion-builder-row-1 fusion-flex-container nonhundred-percent-fullwidth non-hundred-percent-height-scrolling\" style=\"background-color: rgba(255,255,255,0);background-position: center center;background-repeat: no-repeat;border-width: 0px 0px 0px 0px;border-color:#eae9e9;border-style:solid;\" ><div class=\"fusion-builder-row fusion-row fusion-flex-align-items-flex-start\" style=\"max-width:1331.2px;margin-left: calc(-4% \/ 2 );margin-right: calc(-4% \/ 2 );\"><div class=\"fusion-layout-column fusion_builder_column fusion-builder-column-0 fusion_builder_column_1_6 1_6 fusion-flex-column\"><div class=\"fusion-column-wrapper fusion-flex-justify-content-flex-start fusion-content-layout-column\" style=\"background-position:left top;background-repeat:no-repeat;-webkit-background-size:cover;-moz-background-size:cover;-o-background-size:cover;background-size:cover;padding: 0px 0px 0px 0px;\"><\/div><style type=\"text\/css\">.fusion-body .fusion-builder-column-0{width:16.666666666667% !important;margin-top : 20px;margin-bottom : 20px;}.fusion-builder-column-0 > .fusion-column-wrapper {padding-top : 0px !important;padding-right : 0px !important;margin-right : 11.52%;padding-bottom : 0px !important;padding-left : 0px !important;margin-left : 11.52%;}@media only screen and (max-width:1024px) {.fusion-body .fusion-builder-column-0{width:100% !important;order : 0;}.fusion-builder-column-0 > .fusion-column-wrapper {margin-right : 1.92%;margin-left : 1.92%;}}@media only screen and (max-width:640px) {.fusion-body .fusion-builder-column-0{width:100% !important;order : 0;}.fusion-builder-column-0 > .fusion-column-wrapper {margin-right : 1.92%;margin-left : 1.92%;}}<\/style><\/div><div class=\"fusion-layout-column fusion_builder_column fusion-builder-column-1 fusion_builder_column_2_3 2_3 fusion-flex-column\"><div class=\"fusion-column-wrapper fusion-flex-justify-content-flex-start fusion-content-layout-column\" style=\"background-position:left top;background-repeat:no-repeat;-webkit-background-size:cover;-moz-background-size:cover;-o-background-size:cover;background-size:cover;padding: 0px 0px 0px 0px;\"><div ><style>.imageframe-liftup.imageframe-1:before{border-radius:8px;}<\/style><div class=\"awb-image-frame awb-image-frame-1 imageframe-liftup imageframe-1\"><span class=\" fusion-imageframe imageframe-none imageframe-1\" style=\"border-radius:8px;\"><img width=\"2300\" height=\"1300\" title=\"DA_1300px (10)\" src=\"http:\/\/www.apid.to.it\/wp\/wp-content\/uploads\/2021\/02\/DA_1300px-10.jpg\" alt class=\"img-responsive wp-image-2249\"\/><\/span><\/div><\/div><div class=\"fusion-separator fusion-full-width-sep\" style=\"align-self: center;margin-left: auto;margin-right: auto;width:100%;\"><\/div><style type=\"text\/css\">@media only screen and (max-width:1024px) {.fusion-title.fusion-title-1{margin-top:30px!important; margin-right:0px!important;margin-bottom:20px!important;margin-left:0px!important;}}@media only screen and (max-width:640px) {.fusion-title.fusion-title-1{margin-top:20px!important; margin-right:0px!important;margin-bottom:10px!important; margin-left:0px!important;}}<\/style><div class=\"fusion-title title fusion-title-1 fusion-sep-none fusion-title-center fusion-title-text fusion-title-size-two\" style=\"margin-top:30px;margin-right:0px;margin-bottom:20px;margin-left:0px;\"><h2 class=\"title-heading-center fusion-responsive-typography-calculated\" style=\"margin:0;--fontSize:30;line-height:1.18;\">MARIA LUIGIA GHIGGIA \u2013 A.M.I.S. | Titolare CEO Direttore Generale<\/h2><\/div><div class=\"fusion-text fusion-text-1\" style=\"text-align:center;font-size:15px;color:#000000;font-family:&quot;Brandon medium&quot;;font-weight:400;\"><p style=\"text-align: center;\">\u201cIl tempo \u00e8 gentil uomo\u201d<\/p>\n<p>Ho sempre saputo che avrei lavorato nell&#8217;azienda di famiglia, fondata da mio nonno ed ereditata da mia mamma. Da bambina venivo nel doposcuola e ho assorbito un certo modo di lavorare e tante nozioni tecniche.<br \/>\nDopo la laurea in economia e commercio, a ventitr\u00e9 anni sono entrata in A.M.I.S. e ho iniziato ad occuparmene a tutto tondo. Siamo una piccola azienda perci\u00f2 il mio ruolo \u00e8 pi\u00f9 ampio rispetto all&#8217;etichetta. Nel 2015 sono stata affiancata da \u00a0mio fratello. Il suo supporto \u00e8 importante: ingegnere, si occupa di produzione, progettazione e sviluppo.<br \/>\nI nostri prodotti sono di nicchia, necessitano di alte conoscenze tecniche per essere realizzati e richiedono grandi investimenti, perci\u00f2 sono poco allettanti per chi volesse iniziare oggi. La nostra produzione \u00e8 italiana, ma esportiamo in tutto il mondo.<br \/>\nMio nonno fin dall\u2019inizio dell\u2019attivit\u00e0 rivolse la sua attenzione anche verso il mercato estero e noi proseguiamo su quella linea, ideando e producendo sistemi idraulici e valvole impiegati nei pi\u00f9 disparati settori: dagli acquedotti al trattamento acque, all\u2019industria farmaceutica, chimica, alimentare, ittica, all\u2019impiantistica industriale e all\u2019impiantistica civile. \u00c8 un settore industriale ampio, ricco di opportunit\u00e0 e stimoli, quindi divertente, che ci coinvolge. \u00c8 come se la passione di mio nonno si fosse trasferita di generazione in generazione.<\/p>\n<\/div><div style=\"text-align:right;\"><style>.fusion-body .fusion-button.button-1{border-color:#ffffff;border-radius:2px 2px 2px 2px;background:#924538;}.fusion-body .fusion-button.button-1 .fusion-button-text,.fusion-body .fusion-button.button-1 i,.fusion-body .fusion-button.button-1:hover .fusion-button-text,.fusion-body .fusion-button.button-1:hover i,.fusion-body .fusion-button.button-1:focus .fusion-button-text,.fusion-body .fusion-button.button-1:focus i,.fusion-body .fusion-button.button-1:active .fusion-button-text,.fusion-body .fusion-button.button-1:active i{color:#ffffff;}.fusion-body .fusion-button.button-1:hover,.fusion-body .fusion-button.button-1:active,.fusion-body .fusion-button.button-1:focus{border-color:#ffffff;background:#924538;}<\/style><a class=\"fusion-button button-flat fusion-button-default-size button-custom button-1 fusion-button-default-span fusion-button-default-type\" target=\"_self\" href=\"http:\/\/www.apid.to.it\/index.php\/governance\/\" style=\"margin-top:4%;\"><i class=\"fa-chevron-left fas button-icon-left\" aria-hidden=\"true\"><\/i><span class=\"fusion-button-text\">Torna indietro<\/span><\/a><\/div><\/div><style type=\"text\/css\">.fusion-body .fusion-builder-column-1{width:66.666666666667% !important;margin-top : 20px;margin-bottom : 20px;}.fusion-builder-column-1 > .fusion-column-wrapper {padding-top : 0px !important;padding-right : 0px !important;margin-right : 2.88%;padding-bottom : 0px !important;padding-left : 0px !important;margin-left : 2.88%;}@media only screen and (max-width:1024px) {.fusion-body .fusion-builder-column-1{width:100% !important;order : 0;}.fusion-builder-column-1 > .fusion-column-wrapper {margin-right : 1.92%;margin-left : 1.92%;}}@media only screen and (max-width:640px) {.fusion-body .fusion-builder-column-1{width:100% !important;order : 0;}.fusion-builder-column-1 > .fusion-column-wrapper {margin-right : 1.92%;margin-left : 1.92%;}}<\/style><\/div><div class=\"fusion-layout-column fusion_builder_column fusion-builder-column-2 fusion_builder_column_1_6 1_6 fusion-flex-column\"><div class=\"fusion-column-wrapper fusion-flex-justify-content-flex-start fusion-content-layout-column\" style=\"background-position:left top;background-repeat:no-repeat;-webkit-background-size:cover;-moz-background-size:cover;-o-background-size:cover;background-size:cover;padding: 0px 0px 0px 0px;\"><\/div><style type=\"text\/css\">.fusion-body .fusion-builder-column-2{width:16.666666666667% !important;margin-top : 20px;margin-bottom : 20px;}.fusion-builder-column-2 > .fusion-column-wrapper {padding-top : 0px !important;padding-right : 0px !important;margin-right : 11.52%;padding-bottom : 0px !important;padding-left : 0px !important;margin-left : 11.52%;}@media only screen and (max-width:1024px) {.fusion-body .fusion-builder-column-2{width:100% !important;order : 0;}.fusion-builder-column-2 > .fusion-column-wrapper {margin-right : 1.92%;margin-left : 1.92%;}}@media only screen and (max-width:640px) {.fusion-body .fusion-builder-column-2{width:100% !important;order : 0;}.fusion-builder-column-2 > .fusion-column-wrapper {margin-right : 1.92%;margin-left : 1.92%;}}<\/style><\/div><\/div><style type=\"text\/css\">.fusion-body .fusion-flex-container.fusion-builder-row-1{ padding-top : 0px;margin-top : 0px;padding-right : 0px;padding-bottom : 0px;margin-bottom : 0px;padding-left : 0px;}<\/style><\/div>\n","protected":false},"excerpt":{"rendered":"","protected":false},"author":1,"featured_media":0,"parent":0,"menu_order":0,"comment_status":"closed","ping_status":"closed","template":"","meta":[],"_links":{"self":[{"href":"http:\/\/www.apid.to.it\/index.php\/wp-json\/wp\/v2\/pages\/2280"}],"collection":[{"href":"http:\/\/www.apid.to.it\/index.php\/wp-json\/wp\/v2\/pages"}],"about":[{"href":"http:\/\/www.apid.to.it\/index.php\/wp-json\/wp\/v2\/types\/page"}],"author":[{"embeddable":true,"href":"http:\/\/www.apid.to.it\/index.php\/wp-json\/wp\/v2\/users\/1"}],"replies":[{"embeddable":true,"href":"http:\/\/www.apid.to.it\/index.php\/wp-json\/wp\/v2\/comments?post=2280"}],"version-history":[{"count":5,"href":"http:\/\/www.apid.to.it\/index.php\/wp-json\/wp\/v2\/pages\/2280\/revisions"}],"predecessor-version":[{"id":3333,"href":"http:\/\/www.apid.to.it\/index.php\/wp-json\/wp\/v2\/pages\/2280\/revisions\/3333"}],"wp:attachment":[{"href":"http:\/\/www.apid.to.it\/index.php\/wp-json\/wp\/v2\/media?parent=2280"}],"curies":[{"name":"wp","href":"https:\/\/api.w.org\/{rel}","templated":true}]}}