{"id":2282,"date":"2021-02-04T20:38:56","date_gmt":"2021-02-04T19:38:56","guid":{"rendered":"http:\/\/www.apid.to.it\/wp\/?page_id=2282"},"modified":"2021-11-27T12:24:24","modified_gmt":"2021-11-27T11:24:24","slug":"da_10","status":"publish","type":"page","link":"http:\/\/www.apid.to.it\/index.php\/da_10\/","title":{"rendered":"DA_10DeMeoAngela"},"content":{"rendered":"<div class=\"fusion-fullwidth fullwidth-box fusion-builder-row-1 fusion-flex-container nonhundred-percent-fullwidth non-hundred-percent-height-scrolling\" style=\"background-color: rgba(255,255,255,0);background-position: center center;background-repeat: no-repeat;border-width: 0px 0px 0px 0px;border-color:#eae9e9;border-style:solid;\" ><div class=\"fusion-builder-row fusion-row fusion-flex-align-items-flex-start\" style=\"max-width:1331.2px;margin-left: calc(-4% \/ 2 );margin-right: calc(-4% \/ 2 );\"><div class=\"fusion-layout-column fusion_builder_column fusion-builder-column-0 fusion_builder_column_1_6 1_6 fusion-flex-column\"><div class=\"fusion-column-wrapper fusion-flex-justify-content-flex-start fusion-content-layout-column\" style=\"background-position:left top;background-repeat:no-repeat;-webkit-background-size:cover;-moz-background-size:cover;-o-background-size:cover;background-size:cover;padding: 0px 0px 0px 0px;\"><\/div><style type=\"text\/css\">.fusion-body .fusion-builder-column-0{width:16.666666666667% !important;margin-top : 20px;margin-bottom : 20px;}.fusion-builder-column-0 > .fusion-column-wrapper {padding-top : 0px !important;padding-right : 0px !important;margin-right : 11.52%;padding-bottom : 0px !important;padding-left : 0px !important;margin-left : 11.52%;}@media only screen and (max-width:1024px) {.fusion-body .fusion-builder-column-0{width:100% !important;order : 0;}.fusion-builder-column-0 > .fusion-column-wrapper {margin-right : 1.92%;margin-left : 1.92%;}}@media only screen and (max-width:640px) {.fusion-body .fusion-builder-column-0{width:100% !important;order : 0;}.fusion-builder-column-0 > .fusion-column-wrapper {margin-right : 1.92%;margin-left : 1.92%;}}<\/style><\/div><div class=\"fusion-layout-column fusion_builder_column fusion-builder-column-1 fusion_builder_column_2_3 2_3 fusion-flex-column\"><div class=\"fusion-column-wrapper fusion-flex-justify-content-flex-start fusion-content-layout-column\" style=\"background-position:left top;background-repeat:no-repeat;-webkit-background-size:cover;-moz-background-size:cover;-o-background-size:cover;background-size:cover;padding: 0px 0px 0px 0px;\"><div ><style>.imageframe-liftup.imageframe-1:before{border-radius:8px;}<\/style><div class=\"awb-image-frame awb-image-frame-1 imageframe-liftup imageframe-1\"><span class=\" fusion-imageframe imageframe-none imageframe-1\" style=\"border-radius:8px;\"><img width=\"2300\" height=\"1300\" title=\"DA_1300px (8)\" src=\"http:\/\/www.apid.to.it\/wp\/wp-content\/uploads\/2021\/02\/DA_1300px-8.jpg\" alt class=\"img-responsive wp-image-2247\" srcset=\"http:\/\/www.apid.to.it\/wp\/wp-content\/uploads\/2021\/02\/DA_1300px-8-200x113.jpg 200w, http:\/\/www.apid.to.it\/wp\/wp-content\/uploads\/2021\/02\/DA_1300px-8-400x226.jpg 400w, http:\/\/www.apid.to.it\/wp\/wp-content\/uploads\/2021\/02\/DA_1300px-8-600x339.jpg 600w, http:\/\/www.apid.to.it\/wp\/wp-content\/uploads\/2021\/02\/DA_1300px-8-800x452.jpg 800w, http:\/\/www.apid.to.it\/wp\/wp-content\/uploads\/2021\/02\/DA_1300px-8-1200x678.jpg 1200w, http:\/\/www.apid.to.it\/wp\/wp-content\/uploads\/2021\/02\/DA_1300px-8.jpg 2300w\" sizes=\"(max-width: 1024px) 100vw, (max-width: 640px) 100vw, 1200px\" \/><\/span><\/div><\/div><div class=\"fusion-separator fusion-full-width-sep\" style=\"align-self: center;margin-left: auto;margin-right: auto;width:100%;\"><\/div><style type=\"text\/css\">@media only screen and (max-width:1024px) {.fusion-title.fusion-title-1{margin-top:30px!important; margin-right:0px!important;margin-bottom:20px!important;margin-left:0px!important;}}@media only screen and (max-width:640px) {.fusion-title.fusion-title-1{margin-top:20px!important; margin-right:0px!important;margin-bottom:10px!important; margin-left:0px!important;}}<\/style><div class=\"fusion-title title fusion-title-1 fusion-sep-none fusion-title-center fusion-title-text fusion-title-size-two\" style=\"margin-top:30px;margin-right:0px;margin-bottom:20px;margin-left:0px;\"><h2 class=\"title-heading-center fusion-responsive-typography-calculated\" style=\"margin:0;--fontSize:30;line-height:1.18;\">ANGELA DE MEO \u2013 ITG s.a.s. | Titolare<\/h2><\/div><div class=\"fusion-text fusion-text-1\" style=\"text-align:center;font-size:15px;color:#000000;font-family:&quot;Brandon medium&quot;;font-weight:400;\"><p>\u201cDomani \u00e8 un altro giorno\u201d<\/p>\n<p>Avevo chiaro fin da piccola il mio percorso professionale: a sei anni dissi a mia mamma che, da grande, avrei fatto un lavoro autonomo.<br \/>\nLa libert\u00e0 di pensiero e di azione sono sempre state fondamentali. Nella scelta della scuola andai controcorrente: Istituto per Periti aziendali e Corrispondenti in lingue estere. A partire dal secondo anno, iniziai a lavorare, al pomeriggio, come dattilografa in uno studio legale, dove restai fino alla maturit\u00e0.<br \/>\nDopo alcuni anni da segreteria, i casi della vita mi riportarono sulla strada della dattilografia, che utilizzavo per lavori in lingua straniera e tesi di laurea; ero diventata un\u2019autonoma! Lavoravo presso aziende e a casa, utilizzando strumenti tecnologicamente avanzati per quegli anni.<br \/>\nHo aperto il mio ufficio e fatto nascere la mia azienda. Dalla dattilografia siamo passate all\u2019impaginazione di testi per l\u2019editoria. La crisi mi ha portato a sondare nuove strade e, grazie alla curiosit\u00e0 che ha sempre contraddistinto il mio agire, ho iniziato a occuparmi di libri fluidi e multimedialit\u00e0 per l\u2019editoria scolastica.<br \/>\nDal 2014 \u00e8 questo il nostro core business. Il servizio fornito ha un alto valore qualitativo perch\u00e9 \u00e8 svolto con l\u2019affidabilit\u00e0 e l\u2019attenzione che ci hanno sempre contraddistinto. Sono consapevole che il futuro \u00e8 in movimento e che le evoluzioni sono repentine. Questo comporta nuovi stimoli e, perch\u00e9 no, anche uno sguardo al mercato oltre frontiera.<\/p>\n<\/div><div style=\"text-align:right;\"><style>.fusion-body .fusion-button.button-1{border-color:#ffffff;border-radius:2px 2px 2px 2px;background:#924538;}.fusion-body .fusion-button.button-1 .fusion-button-text,.fusion-body .fusion-button.button-1 i,.fusion-body .fusion-button.button-1:hover .fusion-button-text,.fusion-body .fusion-button.button-1:hover i,.fusion-body .fusion-button.button-1:focus .fusion-button-text,.fusion-body .fusion-button.button-1:focus i,.fusion-body .fusion-button.button-1:active .fusion-button-text,.fusion-body .fusion-button.button-1:active i{color:#ffffff;}.fusion-body .fusion-button.button-1:hover,.fusion-body .fusion-button.button-1:active,.fusion-body .fusion-button.button-1:focus{border-color:#ffffff;background:#924538;}<\/style><a class=\"fusion-button button-flat fusion-button-default-size button-custom button-1 fusion-button-default-span fusion-button-default-type\" target=\"_self\" href=\"http:\/\/www.apid.to.it\/index.php\/governance\/\" style=\"margin-top:4%;\"><i class=\"fa-chevron-left fas button-icon-left\" aria-hidden=\"true\"><\/i><span class=\"fusion-button-text\">Torna indietro<\/span><\/a><\/div><\/div><style type=\"text\/css\">.fusion-body .fusion-builder-column-1{width:66.666666666667% !important;margin-top : 20px;margin-bottom : 20px;}.fusion-builder-column-1 > .fusion-column-wrapper {padding-top : 0px !important;padding-right : 0px !important;margin-right : 2.88%;padding-bottom : 0px !important;padding-left : 0px !important;margin-left : 2.88%;}@media only screen and (max-width:1024px) {.fusion-body .fusion-builder-column-1{width:100% !important;order : 0;}.fusion-builder-column-1 > .fusion-column-wrapper {margin-right : 1.92%;margin-left : 1.92%;}}@media only screen and (max-width:640px) {.fusion-body .fusion-builder-column-1{width:100% !important;order : 0;}.fusion-builder-column-1 > .fusion-column-wrapper {margin-right : 1.92%;margin-left : 1.92%;}}<\/style><\/div><div class=\"fusion-layout-column fusion_builder_column fusion-builder-column-2 fusion_builder_column_1_6 1_6 fusion-flex-column\"><div class=\"fusion-column-wrapper fusion-flex-justify-content-flex-start fusion-content-layout-column\" style=\"background-position:left top;background-repeat:no-repeat;-webkit-background-size:cover;-moz-background-size:cover;-o-background-size:cover;background-size:cover;padding: 0px 0px 0px 0px;\"><\/div><style type=\"text\/css\">.fusion-body .fusion-builder-column-2{width:16.666666666667% !important;margin-top : 20px;margin-bottom : 20px;}.fusion-builder-column-2 > .fusion-column-wrapper {padding-top : 0px !important;padding-right : 0px !important;margin-right : 11.52%;padding-bottom : 0px !important;padding-left : 0px !important;margin-left : 11.52%;}@media only screen and (max-width:1024px) {.fusion-body .fusion-builder-column-2{width:100% !important;order : 0;}.fusion-builder-column-2 > .fusion-column-wrapper {margin-right : 1.92%;margin-left : 1.92%;}}@media only screen and (max-width:640px) {.fusion-body .fusion-builder-column-2{width:100% !important;order : 0;}.fusion-builder-column-2 > .fusion-column-wrapper {margin-right : 1.92%;margin-left : 1.92%;}}<\/style><\/div><\/div><style type=\"text\/css\">.fusion-body .fusion-flex-container.fusion-builder-row-1{ padding-top : 0px;margin-top : 0px;padding-right : 0px;padding-bottom : 0px;margin-bottom : 0px;padding-left : 0px;}<\/style><\/div>\n","protected":false},"excerpt":{"rendered":"","protected":false},"author":1,"featured_media":0,"parent":0,"menu_order":0,"comment_status":"closed","ping_status":"closed","template":"","meta":[],"_links":{"self":[{"href":"http:\/\/www.apid.to.it\/index.php\/wp-json\/wp\/v2\/pages\/2282"}],"collection":[{"href":"http:\/\/www.apid.to.it\/index.php\/wp-json\/wp\/v2\/pages"}],"about":[{"href":"http:\/\/www.apid.to.it\/index.php\/wp-json\/wp\/v2\/types\/page"}],"author":[{"embeddable":true,"href":"http:\/\/www.apid.to.it\/index.php\/wp-json\/wp\/v2\/users\/1"}],"replies":[{"embeddable":true,"href":"http:\/\/www.apid.to.it\/index.php\/wp-json\/wp\/v2\/comments?post=2282"}],"version-history":[{"count":6,"href":"http:\/\/www.apid.to.it\/index.php\/wp-json\/wp\/v2\/pages\/2282\/revisions"}],"predecessor-version":[{"id":3320,"href":"http:\/\/www.apid.to.it\/index.php\/wp-json\/wp\/v2\/pages\/2282\/revisions\/3320"}],"wp:attachment":[{"href":"http:\/\/www.apid.to.it\/index.php\/wp-json\/wp\/v2\/media?parent=2282"}],"curies":[{"name":"wp","href":"https:\/\/api.w.org\/{rel}","templated":true}]}}