{"id":2287,"date":"2021-02-04T20:39:51","date_gmt":"2021-02-04T19:39:51","guid":{"rendered":"http:\/\/www.apid.to.it\/wp\/?page_id=2287"},"modified":"2021-11-27T12:28:10","modified_gmt":"2021-11-27T11:28:10","slug":"da_15","status":"publish","type":"page","link":"http:\/\/www.apid.to.it\/index.php\/da_15\/","title":{"rendered":"DA_15GiusepppinaCavasino"},"content":{"rendered":"<div class=\"fusion-fullwidth fullwidth-box fusion-builder-row-1 fusion-flex-container nonhundred-percent-fullwidth non-hundred-percent-height-scrolling\" style=\"background-color: rgba(255,255,255,0);background-position: center center;background-repeat: no-repeat;border-width: 0px 0px 0px 0px;border-color:#eae9e9;border-style:solid;\" ><div class=\"fusion-builder-row fusion-row fusion-flex-align-items-flex-start\" style=\"max-width:1331.2px;margin-left: calc(-4% \/ 2 );margin-right: calc(-4% \/ 2 );\"><div class=\"fusion-layout-column fusion_builder_column fusion-builder-column-0 fusion_builder_column_1_6 1_6 fusion-flex-column\"><div class=\"fusion-column-wrapper fusion-flex-justify-content-flex-start fusion-content-layout-column\" style=\"background-position:left top;background-repeat:no-repeat;-webkit-background-size:cover;-moz-background-size:cover;-o-background-size:cover;background-size:cover;padding: 0px 0px 0px 0px;\"><\/div><style type=\"text\/css\">.fusion-body .fusion-builder-column-0{width:16.666666666667% !important;margin-top : 20px;margin-bottom : 20px;}.fusion-builder-column-0 > .fusion-column-wrapper {padding-top : 0px !important;padding-right : 0px !important;margin-right : 11.52%;padding-bottom : 0px !important;padding-left : 0px !important;margin-left : 11.52%;}@media only screen and (max-width:1024px) {.fusion-body .fusion-builder-column-0{width:100% !important;order : 0;}.fusion-builder-column-0 > .fusion-column-wrapper {margin-right : 1.92%;margin-left : 1.92%;}}@media only screen and (max-width:640px) {.fusion-body .fusion-builder-column-0{width:100% !important;order : 0;}.fusion-builder-column-0 > .fusion-column-wrapper {margin-right : 1.92%;margin-left : 1.92%;}}<\/style><\/div><div class=\"fusion-layout-column fusion_builder_column fusion-builder-column-1 fusion_builder_column_2_3 2_3 fusion-flex-column\"><div class=\"fusion-column-wrapper fusion-flex-justify-content-flex-start fusion-content-layout-column\" style=\"background-position:left top;background-repeat:no-repeat;-webkit-background-size:cover;-moz-background-size:cover;-o-background-size:cover;background-size:cover;padding: 0px 0px 0px 0px;\"><div ><style>.imageframe-liftup.imageframe-1:before{border-radius:8px;}<\/style><div class=\"awb-image-frame awb-image-frame-1 imageframe-liftup imageframe-1\"><span class=\" fusion-imageframe imageframe-none imageframe-1\" style=\"border-radius:8px;\"><img width=\"2300\" height=\"1299\" title=\"DonneDiAPI_02\" src=\"http:\/\/www.apid.to.it\/wp\/wp-content\/uploads\/2021\/02\/DonneDiAPI_02.png\" alt class=\"img-responsive wp-image-2189\"\/><\/span><\/div><\/div><div class=\"fusion-separator fusion-full-width-sep\" style=\"align-self: center;margin-left: auto;margin-right: auto;width:100%;\"><\/div><style type=\"text\/css\">@media only screen and (max-width:1024px) {.fusion-title.fusion-title-1{margin-top:30px!important; margin-right:0px!important;margin-bottom:20px!important;margin-left:0px!important;}}@media only screen and (max-width:640px) {.fusion-title.fusion-title-1{margin-top:20px!important; margin-right:0px!important;margin-bottom:10px!important; margin-left:0px!important;}}<\/style><div class=\"fusion-title title fusion-title-1 fusion-sep-none fusion-title-center fusion-title-text fusion-title-size-two\" style=\"margin-top:30px;margin-right:0px;margin-bottom:20px;margin-left:0px;\"><h2 class=\"title-heading-center fusion-responsive-typography-calculated\" style=\"margin:0;--fontSize:30;line-height:1.18;\">GIUSEPPINA CAVASINO \u2013 Studio legale associato Miccoli Nosenzo Cavasino<\/h2><\/div><div class=\"fusion-text fusion-text-1\" style=\"text-align:center;font-size:15px;color:#000000;font-family:&quot;Brandon medium&quot;;font-weight:400;\"><p>\u201cAd majora!\u201d<\/p>\n<p>Mi sono iscritta alla Facolt\u00e0 di Giurisprudenza nel 1992 l\u2019anno dei processi Mani Pulite e su consiglio del mio professore\u00a0 di diritto che mi fece appassionare alla materia. Durante il mio percorso universitario pensavo di intraprendere la libera professione, invece, per una serie fortuita di eventi e un po\u2019 per destino, iniziai a svolgere la pratica forense presso uno studio legale. Qui compresi subito che quello sarebbe stato il mio mondo, anche perch\u00e9 incontrai quelle che ancora oggi sono le mie attuali socie. Nel 2002 abbiamo aperto il nostro studio legale Associato. Avevamo la fiducia delle persone\u00a0 e partire \u00e8 stato semplice. Crescere e mantenere il clima giusto di lavoro \u00e8 pi\u00f9 difficile, perch\u00e9 abbiamo dovuto dimostrare il nostro valore.\u00a0 Siamo rimaste in piedi anche durante i periodi di\u00a0 crisi perch\u00e9 credo che la nostra forza sia proprio essere un&#8217;associazione. Interagiamo e lavoriamo di concerto, analizzando un problema da tutte le angolazioni.\u00a0 Questo \u00e8 un vantaggio per i nostri assistiti. Fare questa professione significa instaurare sempre un dialogo col cliente\u00a0 per capire le motivazioni umane dietro ogni situazione e poter, cos\u00ec, stabilire un rapporto empatico e di fiducia. Sicuramente essere donna \u00e8 un plus, perch\u00e9 la capacit\u00e0 di dialogo e comprensione \u00e8 pi\u00f9 spiccata e ci aiuta a guardare oltre le apparenze.<\/p>\n<\/div><div style=\"text-align:right;\"><style>.fusion-body .fusion-button.button-1{border-color:#ffffff;border-radius:2px 2px 2px 2px;background:#924538;}.fusion-body .fusion-button.button-1 .fusion-button-text,.fusion-body .fusion-button.button-1 i,.fusion-body .fusion-button.button-1:hover .fusion-button-text,.fusion-body .fusion-button.button-1:hover i,.fusion-body .fusion-button.button-1:focus .fusion-button-text,.fusion-body .fusion-button.button-1:focus i,.fusion-body .fusion-button.button-1:active .fusion-button-text,.fusion-body .fusion-button.button-1:active i{color:#ffffff;}.fusion-body .fusion-button.button-1:hover,.fusion-body .fusion-button.button-1:active,.fusion-body .fusion-button.button-1:focus{border-color:#ffffff;background:#924538;}<\/style><a class=\"fusion-button button-flat fusion-button-default-size button-custom button-1 fusion-button-default-span fusion-button-default-type\" target=\"_self\" href=\"http:\/\/www.apid.to.it\/index.php\/governance\/\" style=\"margin-top:4%;\"><i class=\"fa-chevron-left fas button-icon-left\" aria-hidden=\"true\"><\/i><span class=\"fusion-button-text\">Torna indietro<\/span><\/a><\/div><\/div><style type=\"text\/css\">.fusion-body .fusion-builder-column-1{width:66.666666666667% !important;margin-top : 20px;margin-bottom : 20px;}.fusion-builder-column-1 > .fusion-column-wrapper {padding-top : 0px !important;padding-right : 0px !important;margin-right : 2.88%;padding-bottom : 0px !important;padding-left : 0px !important;margin-left : 2.88%;}@media only screen and (max-width:1024px) {.fusion-body .fusion-builder-column-1{width:100% !important;order : 0;}.fusion-builder-column-1 > .fusion-column-wrapper {margin-right : 1.92%;margin-left : 1.92%;}}@media only screen and (max-width:640px) {.fusion-body .fusion-builder-column-1{width:100% !important;order : 0;}.fusion-builder-column-1 > .fusion-column-wrapper {margin-right : 1.92%;margin-left : 1.92%;}}<\/style><\/div><div class=\"fusion-layout-column fusion_builder_column fusion-builder-column-2 fusion_builder_column_1_6 1_6 fusion-flex-column\"><div class=\"fusion-column-wrapper fusion-flex-justify-content-flex-start fusion-content-layout-column\" style=\"background-position:left top;background-repeat:no-repeat;-webkit-background-size:cover;-moz-background-size:cover;-o-background-size:cover;background-size:cover;padding: 0px 0px 0px 0px;\"><\/div><style type=\"text\/css\">.fusion-body .fusion-builder-column-2{width:16.666666666667% !important;margin-top : 20px;margin-bottom : 20px;}.fusion-builder-column-2 > .fusion-column-wrapper {padding-top : 0px !important;padding-right : 0px !important;margin-right : 11.52%;padding-bottom : 0px !important;padding-left : 0px !important;margin-left : 11.52%;}@media only screen and (max-width:1024px) {.fusion-body .fusion-builder-column-2{width:100% !important;order : 0;}.fusion-builder-column-2 > .fusion-column-wrapper {margin-right : 1.92%;margin-left : 1.92%;}}@media only screen and (max-width:640px) {.fusion-body .fusion-builder-column-2{width:100% !important;order : 0;}.fusion-builder-column-2 > .fusion-column-wrapper {margin-right : 1.92%;margin-left : 1.92%;}}<\/style><\/div><\/div><style type=\"text\/css\">.fusion-body .fusion-flex-container.fusion-builder-row-1{ padding-top : 0px;margin-top : 0px;padding-right : 0px;padding-bottom : 0px;margin-bottom : 0px;padding-left : 0px;}<\/style><\/div>\n","protected":false},"excerpt":{"rendered":"","protected":false},"author":1,"featured_media":0,"parent":0,"menu_order":0,"comment_status":"closed","ping_status":"closed","template":"","meta":[],"_links":{"self":[{"href":"http:\/\/www.apid.to.it\/index.php\/wp-json\/wp\/v2\/pages\/2287"}],"collection":[{"href":"http:\/\/www.apid.to.it\/index.php\/wp-json\/wp\/v2\/pages"}],"about":[{"href":"http:\/\/www.apid.to.it\/index.php\/wp-json\/wp\/v2\/types\/page"}],"author":[{"embeddable":true,"href":"http:\/\/www.apid.to.it\/index.php\/wp-json\/wp\/v2\/users\/1"}],"replies":[{"embeddable":true,"href":"http:\/\/www.apid.to.it\/index.php\/wp-json\/wp\/v2\/comments?post=2287"}],"version-history":[{"count":4,"href":"http:\/\/www.apid.to.it\/index.php\/wp-json\/wp\/v2\/pages\/2287\/revisions"}],"predecessor-version":[{"id":3325,"href":"http:\/\/www.apid.to.it\/index.php\/wp-json\/wp\/v2\/pages\/2287\/revisions\/3325"}],"wp:attachment":[{"href":"http:\/\/www.apid.to.it\/index.php\/wp-json\/wp\/v2\/media?parent=2287"}],"curies":[{"name":"wp","href":"https:\/\/api.w.org\/{rel}","templated":true}]}}