{"id":3337,"date":"2021-11-27T12:39:35","date_gmt":"2021-11-27T11:39:35","guid":{"rendered":"http:\/\/www.apid.to.it\/?page_id=3337"},"modified":"2021-11-27T12:48:20","modified_gmt":"2021-11-27T11:48:20","slug":"cristina-di-bari","status":"publish","type":"page","link":"http:\/\/www.apid.to.it\/index.php\/cristina-di-bari\/","title":{"rendered":"Cristina Di Bari"},"content":{"rendered":"<div class=\"fusion-fullwidth fullwidth-box fusion-builder-row-1 fusion-flex-container nonhundred-percent-fullwidth non-hundred-percent-height-scrolling\" style=\"background-color: rgba(255,255,255,0);background-position: center center;background-repeat: no-repeat;border-width: 0px 0px 0px 0px;border-color:#eae9e9;border-style:solid;\" ><div class=\"fusion-builder-row fusion-row fusion-flex-align-items-flex-start\" style=\"max-width:1331.2px;margin-left: calc(-4% \/ 2 );margin-right: calc(-4% \/ 2 );\"><div class=\"fusion-layout-column fusion_builder_column fusion-builder-column-0 fusion_builder_column_1_6 1_6 fusion-flex-column\"><div class=\"fusion-column-wrapper fusion-flex-justify-content-flex-start fusion-content-layout-column\" style=\"background-position:left top;background-repeat:no-repeat;-webkit-background-size:cover;-moz-background-size:cover;-o-background-size:cover;background-size:cover;padding: 0px 0px 0px 0px;\"><\/div><style type=\"text\/css\">.fusion-body .fusion-builder-column-0{width:16.666666666667% !important;margin-top : 20px;margin-bottom : 20px;}.fusion-builder-column-0 > .fusion-column-wrapper {padding-top : 0px !important;padding-right : 0px !important;margin-right : 11.52%;padding-bottom : 0px !important;padding-left : 0px !important;margin-left : 11.52%;}@media only screen and (max-width:1024px) {.fusion-body .fusion-builder-column-0{width:100% !important;order : 0;}.fusion-builder-column-0 > .fusion-column-wrapper {margin-right : 1.92%;margin-left : 1.92%;}}@media only screen and (max-width:640px) {.fusion-body .fusion-builder-column-0{width:100% !important;order : 0;}.fusion-builder-column-0 > .fusion-column-wrapper {margin-right : 1.92%;margin-left : 1.92%;}}<\/style><\/div><div class=\"fusion-layout-column fusion_builder_column fusion-builder-column-1 fusion_builder_column_2_3 2_3 fusion-flex-column\"><div class=\"fusion-column-wrapper fusion-flex-justify-content-flex-start fusion-content-layout-column\" style=\"background-position:left top;background-repeat:no-repeat;-webkit-background-size:cover;-moz-background-size:cover;-o-background-size:cover;background-size:cover;padding: 0px 0px 0px 0px;\"><div style=\"text-align:center;\"><style>.imageframe-liftup.imageframe-1:before{border-radius:8px;}<\/style><div class=\"awb-image-frame awb-image-frame-1 imageframe-liftup imageframe-1\"><span class=\" fusion-imageframe imageframe-none imageframe-1\" style=\"border-radius:8px;\"><img width=\"1950\" height=\"1106\" title=\"CDB_sito_web\" src=\"http:\/\/www.apid.to.it\/wp\/wp-content\/uploads\/2021\/11\/CDB_sito_web-e1636449706800.jpg\" alt class=\"img-responsive wp-image-2975\" srcset=\"http:\/\/www.apid.to.it\/wp\/wp-content\/uploads\/2021\/11\/CDB_sito_web-e1636449706800-200x113.jpg 200w, http:\/\/www.apid.to.it\/wp\/wp-content\/uploads\/2021\/11\/CDB_sito_web-e1636449706800-400x227.jpg 400w, http:\/\/www.apid.to.it\/wp\/wp-content\/uploads\/2021\/11\/CDB_sito_web-e1636449706800-600x340.jpg 600w, http:\/\/www.apid.to.it\/wp\/wp-content\/uploads\/2021\/11\/CDB_sito_web-e1636449706800-800x454.jpg 800w, http:\/\/www.apid.to.it\/wp\/wp-content\/uploads\/2021\/11\/CDB_sito_web-e1636449706800-1200x681.jpg 1200w, http:\/\/www.apid.to.it\/wp\/wp-content\/uploads\/2021\/11\/CDB_sito_web-e1636449706800.jpg 1950w\" sizes=\"(max-width: 1024px) 100vw, (max-width: 640px) 100vw, 1200px\" \/><\/span><\/div><\/div><div class=\"fusion-separator fusion-full-width-sep\" style=\"align-self: center;margin-left: auto;margin-right: auto;width:100%;\"><\/div><style type=\"text\/css\">@media only screen and (max-width:1024px) {.fusion-title.fusion-title-1{margin-top:30px!important; margin-right:0px!important;margin-bottom:20px!important;margin-left:0px!important;}}@media only screen and (max-width:640px) {.fusion-title.fusion-title-1{margin-top:20px!important; margin-right:0px!important;margin-bottom:10px!important; margin-left:0px!important;}}<\/style><div class=\"fusion-title title fusion-title-1 fusion-sep-none fusion-title-center fusion-title-text fusion-title-size-two\" style=\"margin-top:30px;margin-right:0px;margin-bottom:20px;margin-left:0px;\"><h2 class=\"title-heading-center fusion-responsive-typography-calculated\" style=\"margin:0;--fontSize:30;line-height:1.18;\">CRISTINA DI BARI &#8211; TRA.SMA. S.p.A. | Amministratore Unico<\/h2><\/div><div class=\"fusion-text fusion-text-1\" style=\"text-align:center;font-size:15px;color:#000000;font-family:&quot;Brandon medium&quot;;font-weight:400;\"><p>\u201cPensa, credi, sogna e osa.\u201d<\/p>\n<p class=\"xmprfx_MsoNormal\">Ho iniziato a lavorare nella azienda paterna durante gli studi per poi uscirne, al termine, in cerca di una mia realizzazione personale e autonoma ma dopo poco tempo l\u2019improvvisa scomparsa di Pap\u00e0 mi ha obbligata a rientrare per dare continuit\u00e0 alla societ\u00e0 ed \u00e8 cos\u00ec, in modo un po&#8217; traumatico, senza passaggio generazionale, che ha avuto inizio il mio cammino da imprenditrice.<\/p>\n<p class=\"xmprfx_MsoNormal\">Nel corso degli anni 90 ho poi accettato una nuova sfida, propostami da uno zio con un importante gruppo industriale, di creare una nuova azienda per la produzione di fili di rame trafilati destinati al settore del \u201cbianco\u201d e al settore \u201cenergia\u201d ed \u00e8 nata nel 1994 la Trasma di cui sono ancora oggi alla guida come Amministratore Unico.<\/p>\n<p class=\"xmprfx_MsoNormal\">Grazie agli iniziali insegnamenti e al supporto nelle scelte strategiche sono riuscita a superare le tante difficolt\u00e0 che il mercato in questi anni non mi ha fatto mancare e a far diventare Trasma una delle realt\u00e0 pi\u00f9 importanti del settore, affermandosi per qualit\u00e0, flessibilit\u00e0 e affidabilit\u00e0 con un Team di persone di alto valore professionale e umano. Siamo una PMI piemontese con una vocazione internazionale che opera in un mercato dove sono presenti grandi colossi ma abbiamo saputo trovare e mantenere un nostro spazio superando le difficolt\u00e0 di una concorrenza molto aggressiva.<\/p>\n<p class=\"xmprfx_MsoNormal\">Alle attivit\u00e0 industriali ho sempre affiancato l\u2019impegno sociale. Fare parte di una associazione datoriale come Confapi, operare all\u2019interno di Fondazioni Filantropiche e Istituzionali, collaborare con associazioni ed enti del territorio che guardano al bene comune, mi offre la possibilit\u00e0 di contribuire a dare, ancor pi\u00f9 chiaro,\u00a0 un significato al ruolo di essere imprenditore e impresa facendomi ritrovare sempre nuovi stimoli e entusiasmo.<\/p>\n<\/div><div style=\"text-align:right;\"><style>.fusion-body .fusion-button.button-1{border-color:#ffffff;border-radius:2px 2px 2px 2px;background:#924538;}.fusion-body .fusion-button.button-1 .fusion-button-text,.fusion-body .fusion-button.button-1 i,.fusion-body .fusion-button.button-1:hover .fusion-button-text,.fusion-body .fusion-button.button-1:hover i,.fusion-body .fusion-button.button-1:focus .fusion-button-text,.fusion-body .fusion-button.button-1:focus i,.fusion-body .fusion-button.button-1:active .fusion-button-text,.fusion-body .fusion-button.button-1:active i{color:#ffffff;}.fusion-body .fusion-button.button-1:hover,.fusion-body .fusion-button.button-1:active,.fusion-body .fusion-button.button-1:focus{border-color:#ffffff;background:#924538;}<\/style><a class=\"fusion-button button-flat fusion-button-default-size button-custom button-1 fusion-button-default-span fusion-button-default-type\" target=\"_self\" href=\"http:\/\/www.apid.to.it\/index.php\/governance\/\" style=\"margin-top:4%;\"><i class=\"fa-chevron-left fas button-icon-left\" aria-hidden=\"true\"><\/i><span class=\"fusion-button-text\">Torna indietro<\/span><\/a><\/div><\/div><style type=\"text\/css\">.fusion-body .fusion-builder-column-1{width:66.666666666667% !important;margin-top : 20px;margin-bottom : 20px;}.fusion-builder-column-1 > .fusion-column-wrapper {padding-top : 0px !important;padding-right : 0px !important;margin-right : 2.88%;padding-bottom : 0px !important;padding-left : 0px !important;margin-left : 2.88%;}@media only screen and (max-width:1024px) {.fusion-body .fusion-builder-column-1{width:100% !important;order : 0;}.fusion-builder-column-1 > .fusion-column-wrapper {margin-right : 1.92%;margin-left : 1.92%;}}@media only screen and (max-width:640px) {.fusion-body .fusion-builder-column-1{width:100% !important;order : 0;}.fusion-builder-column-1 > .fusion-column-wrapper {margin-right : 1.92%;margin-left : 1.92%;}}<\/style><\/div><div class=\"fusion-layout-column fusion_builder_column fusion-builder-column-2 fusion_builder_column_1_6 1_6 fusion-flex-column\"><div class=\"fusion-column-wrapper fusion-flex-justify-content-flex-start fusion-content-layout-column\" style=\"background-position:left top;background-repeat:no-repeat;-webkit-background-size:cover;-moz-background-size:cover;-o-background-size:cover;background-size:cover;padding: 0px 0px 0px 0px;\"><\/div><style type=\"text\/css\">.fusion-body .fusion-builder-column-2{width:16.666666666667% !important;margin-top : 20px;margin-bottom : 20px;}.fusion-builder-column-2 > .fusion-column-wrapper {padding-top : 0px !important;padding-right : 0px !important;margin-right : 11.52%;padding-bottom : 0px !important;padding-left : 0px !important;margin-left : 11.52%;}@media only screen and (max-width:1024px) {.fusion-body .fusion-builder-column-2{width:100% !important;order : 0;}.fusion-builder-column-2 > .fusion-column-wrapper {margin-right : 1.92%;margin-left : 1.92%;}}@media only screen and (max-width:640px) {.fusion-body .fusion-builder-column-2{width:100% !important;order : 0;}.fusion-builder-column-2 > .fusion-column-wrapper {margin-right : 1.92%;margin-left : 1.92%;}}<\/style><\/div><\/div><style type=\"text\/css\">.fusion-body .fusion-flex-container.fusion-builder-row-1{ padding-top : 0px;margin-top : 0px;padding-right : 0px;padding-bottom : 0px;margin-bottom : 0px;padding-left : 0px;}<\/style><\/div>\n","protected":false},"excerpt":{"rendered":"","protected":false},"author":1,"featured_media":0,"parent":0,"menu_order":0,"comment_status":"closed","ping_status":"closed","template":"","meta":[],"_links":{"self":[{"href":"http:\/\/www.apid.to.it\/index.php\/wp-json\/wp\/v2\/pages\/3337"}],"collection":[{"href":"http:\/\/www.apid.to.it\/index.php\/wp-json\/wp\/v2\/pages"}],"about":[{"href":"http:\/\/www.apid.to.it\/index.php\/wp-json\/wp\/v2\/types\/page"}],"author":[{"embeddable":true,"href":"http:\/\/www.apid.to.it\/index.php\/wp-json\/wp\/v2\/users\/1"}],"replies":[{"embeddable":true,"href":"http:\/\/www.apid.to.it\/index.php\/wp-json\/wp\/v2\/comments?post=3337"}],"version-history":[{"count":6,"href":"http:\/\/www.apid.to.it\/index.php\/wp-json\/wp\/v2\/pages\/3337\/revisions"}],"predecessor-version":[{"id":3344,"href":"http:\/\/www.apid.to.it\/index.php\/wp-json\/wp\/v2\/pages\/3337\/revisions\/3344"}],"wp:attachment":[{"href":"http:\/\/www.apid.to.it\/index.php\/wp-json\/wp\/v2\/media?parent=3337"}],"curies":[{"name":"wp","href":"https:\/\/api.w.org\/{rel}","templated":true}]}}